{"id":134,"date":"2024-12-02T16:00:30","date_gmt":"2024-12-02T16:00:30","guid":{"rendered":"https:\/\/www.naviera.com.co\/?page_id=134"},"modified":"2024-12-12T17:02:39","modified_gmt":"2024-12-12T17:02:39","slug":"como-lo-hacemos","status":"publish","type":"page","link":"https:\/\/www.naviera.com.co\/en\/como-lo-hacemos\/","title":{"rendered":"How We Work?"},"content":{"rendered":"<div data-elementor-type=\"wp-page\" data-elementor-id=\"134\" class=\"elementor elementor-134\">\n\t\t\t\t<div class=\"elementor-element elementor-element-2b20e32 e-flex e-con-boxed e-con e-parent\" data-id=\"2b20e32\" data-element_type=\"container\" data-e-type=\"container\" data-settings=\"{&quot;background_background&quot;:&quot;classic&quot;}\">\n\t\t\t\t\t<div class=\"e-con-inner\">\n\t\t\t\t\t<\/div>\n\t\t\t\t<\/div>\n\t\t<div class=\"elementor-element elementor-element-a4faa4d e-con-full e-flex e-con e-parent\" data-id=\"a4faa4d\" data-element_type=\"container\" data-e-type=\"container\">\n\t\t<div class=\"elementor-element elementor-element-aedb363 e-con-full e-flex e-con e-child\" data-id=\"aedb363\" data-element_type=\"container\" data-e-type=\"container\" data-settings=\"{&quot;background_background&quot;:&quot;classic&quot;}\">\n\t\t\t\t<div class=\"elementor-element elementor-element-76f5361 elementor-widget elementor-widget-heading\" data-id=\"76f5361\" data-element_type=\"widget\" data-e-type=\"widget\" data-widget_type=\"heading.default\">\n\t\t\t\t<div class=\"elementor-widget-container\">\n\t\t\t\t\t<h2 class=\"elementor-heading-title elementor-size-default\">How We Work?<\/h2>\t\t\t\t<\/div>\n\t\t\t\t<\/div>\n\t\t\t\t<\/div>\n\t\t\t\t<\/div>\n\t\t<div class=\"elementor-element elementor-element-df8c174 e-con-full e-flex e-con e-parent\" data-id=\"df8c174\" data-element_type=\"container\" data-e-type=\"container\">\n\t\t\t\t<div class=\"elementor-element elementor-element-ecabc58 elementor-widget__width-initial elementor-widget elementor-widget-text-editor\" data-id=\"ecabc58\" data-element_type=\"widget\" data-e-type=\"widget\" data-widget_type=\"text-editor.default\">\n\t\t\t\t<div class=\"elementor-widget-container\">\n\t\t\t\t\t\t\t\t\t<p>Our success is based on experience, technology, and the commitment of our team.<\/p><p>The knowledge and experience of our highly trained team, specialized in managing the Magdalena River and multimodal logistics, are essential for planning and executing safe, efficient operations tailored to our clients' needs. This commitment to operational excellence allows us to provide reliable, high-quality service.<\/p>\t\t\t\t\t\t\t\t<\/div>\n\t\t\t\t<\/div>\n\t\t\t\t<\/div>\n\t\t<div class=\"elementor-element elementor-element-0a619a2 e-con-full e-flex e-con e-parent\" data-id=\"0a619a2\" data-element_type=\"container\" data-e-type=\"container\">\n\t\t\t\t<div class=\"elementor-element elementor-element-804ab8a elementor-widget elementor-widget-image\" data-id=\"804ab8a\" data-element_type=\"widget\" data-e-type=\"widget\" data-widget_type=\"image.default\">\n\t\t\t\t<div class=\"elementor-widget-container\">\n\t\t\t\t\t\t\t\t\t\t\t\t\t\t\t<img fetchpriority=\"high\" decoding=\"async\" width=\"1024\" height=\"540\" src=\"https:\/\/www.naviera.com.co\/wp-content\/uploads\/2024\/12\/Junio-Transporte-fluvial-de-aceros-Barranquilla-Atl-1024x540.jpg\" class=\"attachment-large size-large wp-image-221\" alt=\"\" srcset=\"https:\/\/www.naviera.com.co\/wp-content\/uploads\/2024\/12\/Junio-Transporte-fluvial-de-aceros-Barranquilla-Atl-1024x540.jpg 1024w, https:\/\/www.naviera.com.co\/wp-content\/uploads\/2024\/12\/Junio-Transporte-fluvial-de-aceros-Barranquilla-Atl-300x158.jpg 300w, https:\/\/www.naviera.com.co\/wp-content\/uploads\/2024\/12\/Junio-Transporte-fluvial-de-aceros-Barranquilla-Atl-768x405.jpg 768w, https:\/\/www.naviera.com.co\/wp-content\/uploads\/2024\/12\/Junio-Transporte-fluvial-de-aceros-Barranquilla-Atl-1536x810.jpg 1536w, https:\/\/www.naviera.com.co\/wp-content\/uploads\/2024\/12\/Junio-Transporte-fluvial-de-aceros-Barranquilla-Atl-2048x1080.jpg 2048w\" sizes=\"(max-width: 1024px) 100vw, 1024px\" \/>\t\t\t\t\t\t\t\t\t\t\t\t\t\t\t<\/div>\n\t\t\t\t<\/div>\n\t\t\t\t<div class=\"elementor-element elementor-element-c832279 elementor-widget__width-initial elementor-widget elementor-widget-text-editor\" data-id=\"c832279\" data-element_type=\"widget\" data-e-type=\"widget\" data-widget_type=\"text-editor.default\">\n\t\t\t\t<div class=\"elementor-widget-container\">\n\t\t\t\t\t\t\t\t\t<p>Our fleet, specifically designed to adapt to the conditions of the river, is a key pillar of our operation. Thanks to our shipyard, we ensure its maintenance in optimal conditions, allowing us to guarantee the safety and reliability of every transport.<\/p><p>We strive to build strong relationships with our clients, working closely with them to understand their needs and design tailored logistics solutions. Our approach is focused on maximizing the value and efficiency of each operation, ensuring results that exceed expectations.<\/p><p>In addition, we are deeply committed to sustainability. We implement practices that minimize environmental impact, promoting cleaner and more responsible transport. This approach reflects our vision of combining economic development with environmental care, contributing to a more sustainable future for all.<\/p>\t\t\t\t\t\t\t\t<\/div>\n\t\t\t\t<\/div>\n\t\t\t\t<\/div>\n\t\t<div class=\"elementor-element elementor-element-369e6091 e-flex e-con-boxed e-con e-parent\" data-id=\"369e6091\" data-element_type=\"container\" data-e-type=\"container\" data-settings=\"{&quot;background_background&quot;:&quot;classic&quot;}\">\n\t\t\t\t\t<div class=\"e-con-inner\">\n\t\t<div class=\"elementor-element elementor-element-4dfd5281 e-con-full e-flex e-con e-child\" data-id=\"4dfd5281\" data-element_type=\"container\" data-e-type=\"container\">\n\t\t\t\t<div class=\"elementor-element elementor-element-53eacc6b elementor-widget elementor-widget-heading\" data-id=\"53eacc6b\" data-element_type=\"widget\" data-e-type=\"widget\" data-widget_type=\"heading.default\">\n\t\t\t\t<div class=\"elementor-widget-container\">\n\t\t\t\t\t<h2 class=\"elementor-heading-title elementor-size-default\">Contact Us<\/h2>\t\t\t\t<\/div>\n\t\t\t\t<\/div>\n\t\t\t\t<div class=\"elementor-element elementor-element-79313dca elementor-align-justify elementor-widget elementor-widget-button\" data-id=\"79313dca\" data-element_type=\"widget\" data-e-type=\"widget\" data-widget_type=\"button.default\">\n\t\t\t\t<div class=\"elementor-widget-container\">\n\t\t\t\t\t\t\t\t\t<div class=\"elementor-button-wrapper\">\n\t\t\t\t\t<a class=\"elementor-button elementor-button-link elementor-size-sm\" href=\"https:\/\/www.naviera.com.co\/en\/#formulario1\">\n\t\t\t\t\t\t<span class=\"elementor-button-content-wrapper\">\n\t\t\t\t\t\t\t\t\t<span class=\"elementor-button-text\">Click here<\/span>\n\t\t\t\t\t<\/span>\n\t\t\t\t\t<\/a>\n\t\t\t\t<\/div>\n\t\t\t\t\t\t\t\t<\/div>\n\t\t\t\t<\/div>\n\t\t\t\t<div class=\"elementor-element elementor-element-e13d0b0 elementor-widget elementor-widget-text-editor\" data-id=\"e13d0b0\" data-element_type=\"widget\" data-e-type=\"widget\" data-widget_type=\"text-editor.default\">\n\t\t\t\t<div class=\"elementor-widget-container\">\n\t\t\t\t\t\t\t\t\t<p>Discover all the details and opportunities we have for your company<\/p>\t\t\t\t\t\t\t\t<\/div>\n\t\t\t\t<\/div>\n\t\t\t\t<\/div>\n\t\t\t\t\t<\/div>\n\t\t\t\t<\/div>\n\t\t\t\t<\/div>","protected":false},"excerpt":{"rendered":"<p>\u00bfC\u00f3mo lo hacemos? Nuestro \u00e9xito se basa en experiencia, tecnolog\u00eda y el compromiso de nuestro equipo. El conocimiento y la [&hellip;]<\/p>\n","protected":false},"author":1,"featured_media":0,"parent":0,"menu_order":0,"comment_status":"closed","ping_status":"closed","template":"","meta":{"site-sidebar-layout":"no-sidebar","site-content-layout":"","ast-site-content-layout":"full-width-container","site-content-style":"default","site-sidebar-style":"default","ast-global-header-display":"","ast-banner-title-visibility":"","ast-main-header-display":"","ast-hfb-above-header-display":"","ast-hfb-below-header-display":"","ast-hfb-mobile-header-display":"","site-post-title":"disabled","ast-breadcrumbs-content":"","ast-featured-img":"disabled","footer-sml-layout":"","theme-transparent-header-meta":"","adv-header-id-meta":"","stick-header-meta":"","header-above-stick-meta":"","header-main-stick-meta":"","header-below-stick-meta":"","astra-migrate-meta-layouts":"default","ast-page-background-enabled":"default","ast-page-background-meta":{"desktop":{"background-color":"var(--ast-global-color-4)","background-image":"","background-repeat":"repeat","background-position":"center center","background-size":"auto","background-attachment":"scroll","background-type":"","background-media":"","overlay-type":"","overlay-color":"","overlay-opacity":"","overlay-gradient":""},"tablet":{"background-color":"","background-image":"","background-repeat":"repeat","background-position":"center center","background-size":"auto","background-attachment":"scroll","background-type":"","background-media":"","overlay-type":"","overlay-color":"","overlay-opacity":"","overlay-gradient":""},"mobile":{"background-color":"","background-image":"","background-repeat":"repeat","background-position":"center center","background-size":"auto","background-attachment":"scroll","background-type":"","background-media":"","overlay-type":"","overlay-color":"","overlay-opacity":"","overlay-gradient":""}},"ast-content-background-meta":{"desktop":{"background-color":"var(--ast-global-color-5)","background-image":"","background-repeat":"repeat","background-position":"center center","background-size":"auto","background-attachment":"scroll","background-type":"","background-media":"","overlay-type":"","overlay-color":"","overlay-opacity":"","overlay-gradient":""},"tablet":{"background-color":"var(--ast-global-color-5)","background-image":"","background-repeat":"repeat","background-position":"center center","background-size":"auto","background-attachment":"scroll","background-type":"","background-media":"","overlay-type":"","overlay-color":"","overlay-opacity":"","overlay-gradient":""},"mobile":{"background-color":"var(--ast-global-color-5)","background-image":"","background-repeat":"repeat","background-position":"center center","background-size":"auto","background-attachment":"scroll","background-type":"","background-media":"","overlay-type":"","overlay-color":"","overlay-opacity":"","overlay-gradient":""}},"footnotes":""},"class_list":["post-134","page","type-page","status-publish","hentry"],"_links":{"self":[{"href":"https:\/\/www.naviera.com.co\/en\/wp-json\/wp\/v2\/pages\/134","targetHints":{"allow":["GET"]}}],"collection":[{"href":"https:\/\/www.naviera.com.co\/en\/wp-json\/wp\/v2\/pages"}],"about":[{"href":"https:\/\/www.naviera.com.co\/en\/wp-json\/wp\/v2\/types\/page"}],"author":[{"embeddable":true,"href":"https:\/\/www.naviera.com.co\/en\/wp-json\/wp\/v2\/users\/1"}],"replies":[{"embeddable":true,"href":"https:\/\/www.naviera.com.co\/en\/wp-json\/wp\/v2\/comments?post=134"}],"version-history":[{"count":35,"href":"https:\/\/www.naviera.com.co\/en\/wp-json\/wp\/v2\/pages\/134\/revisions"}],"predecessor-version":[{"id":835,"href":"https:\/\/www.naviera.com.co\/en\/wp-json\/wp\/v2\/pages\/134\/revisions\/835"}],"wp:attachment":[{"href":"https:\/\/www.naviera.com.co\/en\/wp-json\/wp\/v2\/media?parent=134"}],"curies":[{"name":"wp","href":"https:\/\/api.w.org\/{rel}","templated":true}]}}