{"id":578,"date":"2024-12-18T15:09:45","date_gmt":"2024-12-18T15:09:45","guid":{"rendered":"https:\/\/www.naviera.com.co\/?page_id=578"},"modified":"2024-12-23T23:54:03","modified_gmt":"2024-12-23T23:54:03","slug":"principios-y-valores","status":"publish","type":"page","link":"https:\/\/www.naviera.com.co\/en\/principios-y-valores\/","title":{"rendered":"Nosotros | Principios y Valores"},"content":{"rendered":"<div data-elementor-type=\"wp-page\" data-elementor-id=\"578\" class=\"elementor elementor-578\">\n\t\t\t\t<div class=\"elementor-element elementor-element-3c859ad e-flex e-con-boxed e-con e-parent\" data-id=\"3c859ad\" data-element_type=\"container\" data-e-type=\"container\" data-settings=\"{&quot;background_background&quot;:&quot;classic&quot;}\">\n\t\t\t\t\t<div class=\"e-con-inner\">\n\t\t\t\t\t<\/div>\n\t\t\t\t<\/div>\n\t\t<div class=\"elementor-element elementor-element-968db33 e-con-full e-flex e-con e-parent\" data-id=\"968db33\" data-element_type=\"container\" data-e-type=\"container\">\n\t\t<div class=\"elementor-element elementor-element-4bd3001 e-con-full e-flex e-con e-child\" data-id=\"4bd3001\" data-element_type=\"container\" data-e-type=\"container\" data-settings=\"{&quot;background_background&quot;:&quot;classic&quot;}\">\n\t\t\t\t<div class=\"elementor-element elementor-element-ab8544e elementor-widget__width-initial elementor-widget elementor-widget-heading\" data-id=\"ab8544e\" data-element_type=\"widget\" data-e-type=\"widget\" data-widget_type=\"heading.default\">\n\t\t\t\t<div class=\"elementor-widget-container\">\n\t\t\t\t\t<h2 class=\"elementor-heading-title elementor-size-default\">Corporate Principles and Values<\/h2>\t\t\t\t<\/div>\n\t\t\t\t<\/div>\n\t\t\t\t<\/div>\n\t\t\t\t<\/div>\n\t\t<div class=\"elementor-element elementor-element-b646088 e-flex e-con-boxed e-con e-parent\" data-id=\"b646088\" data-element_type=\"container\" data-e-type=\"container\">\n\t\t\t\t\t<div class=\"e-con-inner\">\n\t\t\t\t<div class=\"elementor-element elementor-element-3a36ee5 elementor-widget elementor-widget-spacer\" data-id=\"3a36ee5\" data-element_type=\"widget\" data-e-type=\"widget\" data-widget_type=\"spacer.default\">\n\t\t\t\t<div class=\"elementor-widget-container\">\n\t\t\t\t\t\t\t<div class=\"elementor-spacer\">\n\t\t\t<div class=\"elementor-spacer-inner\"><\/div>\n\t\t<\/div>\n\t\t\t\t\t\t<\/div>\n\t\t\t\t<\/div>\n\t\t\t\t\t<\/div>\n\t\t\t\t<\/div>\n\t\t<div class=\"elementor-element elementor-element-7c96dc5 e-con-full e-flex e-con e-parent\" data-id=\"7c96dc5\" data-element_type=\"container\" data-e-type=\"container\">\n\t\t\t\t<div class=\"elementor-element elementor-element-7d9de73 elementor-widget elementor-widget-heading\" data-id=\"7d9de73\" data-element_type=\"widget\" data-e-type=\"widget\" data-widget_type=\"heading.default\">\n\t\t\t\t<div class=\"elementor-widget-container\">\n\t\t\t\t\t<h2 class=\"elementor-heading-title elementor-size-default\">Comprehensive Policy<\/h2>\t\t\t\t<\/div>\n\t\t\t\t<\/div>\n\t\t\t\t<div class=\"elementor-element elementor-element-95530a6 elementor-widget__width-initial elementor-widget elementor-widget-text-editor\" data-id=\"95530a6\" data-element_type=\"widget\" data-e-type=\"widget\" data-widget_type=\"text-editor.default\">\n\t\t\t\t<div class=\"elementor-widget-container\">\n\t\t\t\t\t\t\t\t\t<p><span style=\"color: #ff6600;\">At NAVIERA FLUVIAL COLOMBIANA S.A.<\/span>With our experience and resources, we lead the river cargo transportation sector in Colombia, providing reliable and sustainable solutions that drive the growth of our clients and the development of the region. We strive to make a positive impact on every logistics project, applying high-quality standards and backing each operation with a commitment to efficiency, sustainable development, and value creation within the company.<\/p><p><span style=\"color: #ff6600;\">\u2022 QUALITY:<\/span><\/p><p>We are committed to providing reliable river cargo transportation services, using appropriate infrastructure and highly trained personnel. We strive to exceed our customers' expectations through efficient deliveries, continuously promoting strategies aimed at increasing their satisfaction.<\/p><p><span style=\"color: #ff6600;\">\u2022 SAFETY AND WORKPLACE HEALTH:<\/span><\/p><p>We identify and assess the hazards and risks associated with our activities, implementing effective controls to ensure safe and healthy working conditions. We promote the prevention, mitigation, and control of workplace accidents, occupational diseases, and damage to property, facilities, and equipment. Additionally, we maintain a zero-tolerance policy for violations of safety standards and procedures, always prioritizing the integrity of our employees and stakeholders.<\/p><p><span style=\"color: #ff6600;\">\u2022 ENVIRONMENTAL PROTECTION:<\/span><\/p><p>We are committed to the preservation and care of the environment, identifying the environmental aspects of our operations and managing the impacts derived from our activities. We implement preventive and corrective measures to mitigate pollution, with a special focus on the protection of natural resources, particularly water, and promote sustainable practices in all our operations.<\/p><p>We also comply with applicable legal requirements and internal standards, fostering a culture of participation, consultation with workers, and continuous improvement of processes, while promoting social responsibility activities with our stakeholders.<br \/>La Presidencia de la compa\u00f1\u00eda destina los recursos necesarios para el cumplimiento de esta Pol\u00edtica.<\/p>\t\t\t\t\t\t\t\t<\/div>\n\t\t\t\t<\/div>\n\t\t\t\t<\/div>\n\t\t<div class=\"elementor-element elementor-element-765bf8f e-flex e-con-boxed e-con e-parent\" data-id=\"765bf8f\" data-element_type=\"container\" data-e-type=\"container\">\n\t\t\t\t\t<div class=\"e-con-inner\">\n\t\t\t\t<div class=\"elementor-element elementor-element-4bf9053 elementor-widget elementor-widget-image\" data-id=\"4bf9053\" data-element_type=\"widget\" data-e-type=\"widget\" data-widget_type=\"image.default\">\n\t\t\t\t<div class=\"elementor-widget-container\">\n\t\t\t\t\t\t\t\t\t\t\t\t\t\t\t<img fetchpriority=\"high\" decoding=\"async\" width=\"1024\" height=\"768\" src=\"https:\/\/www.naviera.com.co\/wp-content\/uploads\/2024\/12\/banner-o-3-1024x768.jpg\" class=\"attachment-large size-large wp-image-49\" alt=\"\" srcset=\"https:\/\/www.naviera.com.co\/wp-content\/uploads\/2024\/12\/banner-o-3-1024x768.jpg 1024w, https:\/\/www.naviera.com.co\/wp-content\/uploads\/2024\/12\/banner-o-3-300x225.jpg 300w, https:\/\/www.naviera.com.co\/wp-content\/uploads\/2024\/12\/banner-o-3-768x576.jpg 768w, https:\/\/www.naviera.com.co\/wp-content\/uploads\/2024\/12\/banner-o-3-1536x1151.jpg 1536w, https:\/\/www.naviera.com.co\/wp-content\/uploads\/2024\/12\/banner-o-3.jpg 1601w\" sizes=\"(max-width: 1024px) 100vw, 1024px\" \/>\t\t\t\t\t\t\t\t\t\t\t\t\t\t\t<\/div>\n\t\t\t\t<\/div>\n\t\t\t\t\t<\/div>\n\t\t\t\t<\/div>\n\t\t<div class=\"elementor-element elementor-element-add44c1 e-con-full e-flex e-con e-parent\" data-id=\"add44c1\" data-element_type=\"container\" data-e-type=\"container\">\n\t\t\t\t<div class=\"elementor-element elementor-element-7185499 elementor-widget elementor-widget-heading\" data-id=\"7185499\" data-element_type=\"widget\" data-e-type=\"widget\" data-widget_type=\"heading.default\">\n\t\t\t\t<div class=\"elementor-widget-container\">\n\t\t\t\t\t<h2 class=\"elementor-heading-title elementor-size-default\">Corporate Values<\/h2>\t\t\t\t<\/div>\n\t\t\t\t<\/div>\n\t\t\t\t<div class=\"elementor-element elementor-element-e1d43a7 elementor-widget__width-initial elementor-widget elementor-widget-text-editor\" data-id=\"e1d43a7\" data-element_type=\"widget\" data-e-type=\"widget\" data-widget_type=\"text-editor.default\">\n\t\t\t\t<div class=\"elementor-widget-container\">\n\t\t\t\t\t\t\t\t\t<p><span style=\"color: #ff6600;\">Honesty<br \/><br \/><\/span>We act with transparency, fairness, and sincerity. We promote dignified, equitable, and respectful treatment in all our interactions.<br \/><br \/><span style=\"color: #ff6600;\">Loyalty<\/span><br \/><br \/><span style=\"color: #003366;\">We are fully committed to our organization, aligning our personal interests with the priorities and needs of the company.<\/span><span style=\"color: #ff6600;\"><br \/><br \/>Service Orientation<br \/><br \/><span style=\"color: #003366;\">We listen, attend to, and serve our clients with attention and dedication. We continuously work on improvement to ensure their satisfaction.<\/span><br \/><br \/>Responsibility<br \/><br \/><span style=\"color: #003366;\">We take responsibility for our decisions and actions. We perform our work with excellence, at the right time and in the manner it should be executed.<\/span><br \/><br \/>Commitment to HSE (Health, Safety, and Environment)<br \/><br \/><span style=\"color: #003366;\">In the provision of our services, we promote the preservation of the environment and the health of our employees. We implement strategies to prevent, mitigate, and control environmental impacts and occupational risks, complying with legal and internal requirements, under a culture of continuous improvement.<\/span><br \/><\/span><\/p>\t\t\t\t\t\t\t\t<\/div>\n\t\t\t\t<\/div>\n\t\t\t\t<\/div>\n\t\t<div class=\"elementor-element elementor-element-241d13a e-flex e-con-boxed e-con e-parent\" data-id=\"241d13a\" data-element_type=\"container\" data-e-type=\"container\" data-settings=\"{&quot;background_background&quot;:&quot;classic&quot;}\">\n\t\t\t\t\t<div class=\"e-con-inner\">\n\t\t<div class=\"elementor-element elementor-element-7b38761a e-con-full e-flex e-con e-child\" data-id=\"7b38761a\" data-element_type=\"container\" data-e-type=\"container\">\n\t\t\t\t<div class=\"elementor-element elementor-element-442bee34 elementor-widget elementor-widget-heading\" data-id=\"442bee34\" data-element_type=\"widget\" data-e-type=\"widget\" data-widget_type=\"heading.default\">\n\t\t\t\t<div class=\"elementor-widget-container\">\n\t\t\t\t\t<h2 class=\"elementor-heading-title elementor-size-default\">Contact Us<\/h2>\t\t\t\t<\/div>\n\t\t\t\t<\/div>\n\t\t\t\t<div class=\"elementor-element elementor-element-6f73add5 elementor-align-justify elementor-widget elementor-widget-button\" data-id=\"6f73add5\" data-element_type=\"widget\" data-e-type=\"widget\" data-widget_type=\"button.default\">\n\t\t\t\t<div class=\"elementor-widget-container\">\n\t\t\t\t\t\t\t\t\t<div class=\"elementor-button-wrapper\">\n\t\t\t\t\t<a class=\"elementor-button elementor-button-link elementor-size-sm\" href=\"https:\/\/www.naviera.com.co\/en\/#formulario1\">\n\t\t\t\t\t\t<span class=\"elementor-button-content-wrapper\">\n\t\t\t\t\t\t\t\t\t<span class=\"elementor-button-text\">Click here<\/span>\n\t\t\t\t\t<\/span>\n\t\t\t\t\t<\/a>\n\t\t\t\t<\/div>\n\t\t\t\t\t\t\t\t<\/div>\n\t\t\t\t<\/div>\n\t\t\t\t<div class=\"elementor-element elementor-element-69e2fb2 elementor-widget elementor-widget-text-editor\" data-id=\"69e2fb2\" data-element_type=\"widget\" data-e-type=\"widget\" data-widget_type=\"text-editor.default\">\n\t\t\t\t<div class=\"elementor-widget-container\">\n\t\t\t\t\t\t\t\t\t<p>Discover all the details and opportunities we have for your company<\/p>\t\t\t\t\t\t\t\t<\/div>\n\t\t\t\t<\/div>\n\t\t\t\t<\/div>\n\t\t\t\t\t<\/div>\n\t\t\t\t<\/div>\n\t\t\t\t<\/div>","protected":false},"excerpt":{"rendered":"<p>Principios y valores corporativos POLITICA INTEGRAL En NAVIERA FLUVIAL COLOMBIANA S.A., con nuestra experiencia y recursos, lideramos el transporte fluvial [&hellip;]<\/p>\n","protected":false},"author":1,"featured_media":0,"parent":0,"menu_order":0,"comment_status":"closed","ping_status":"closed","template":"","meta":{"site-sidebar-layout":"no-sidebar","site-content-layout":"","ast-site-content-layout":"full-width-container","site-content-style":"default","site-sidebar-style":"default","ast-global-header-display":"","ast-banner-title-visibility":"","ast-main-header-display":"","ast-hfb-above-header-display":"","ast-hfb-below-header-display":"","ast-hfb-mobile-header-display":"","site-post-title":"disabled","ast-breadcrumbs-content":"","ast-featured-img":"disabled","footer-sml-layout":"","theme-transparent-header-meta":"","adv-header-id-meta":"","stick-header-meta":"","header-above-stick-meta":"","header-main-stick-meta":"","header-below-stick-meta":"","astra-migrate-meta-layouts":"default","ast-page-background-enabled":"default","ast-page-background-meta":{"desktop":{"background-color":"var(--ast-global-color-4)","background-image":"","background-repeat":"repeat","background-position":"center center","background-size":"auto","background-attachment":"scroll","background-type":"","background-media":"","overlay-type":"","overlay-color":"","overlay-opacity":"","overlay-gradient":""},"tablet":{"background-color":"","background-image":"","background-repeat":"repeat","background-position":"center center","background-size":"auto","background-attachment":"scroll","background-type":"","background-media":"","overlay-type":"","overlay-color":"","overlay-opacity":"","overlay-gradient":""},"mobile":{"background-color":"","background-image":"","background-repeat":"repeat","background-position":"center center","background-size":"auto","background-attachment":"scroll","background-type":"","background-media":"","overlay-type":"","overlay-color":"","overlay-opacity":"","overlay-gradient":""}},"ast-content-background-meta":{"desktop":{"background-color":"var(--ast-global-color-5)","background-image":"","background-repeat":"repeat","background-position":"center center","background-size":"auto","background-attachment":"scroll","background-type":"","background-media":"","overlay-type":"","overlay-color":"","overlay-opacity":"","overlay-gradient":""},"tablet":{"background-color":"var(--ast-global-color-5)","background-image":"","background-repeat":"repeat","background-position":"center center","background-size":"auto","background-attachment":"scroll","background-type":"","background-media":"","overlay-type":"","overlay-color":"","overlay-opacity":"","overlay-gradient":""},"mobile":{"background-color":"var(--ast-global-color-5)","background-image":"","background-repeat":"repeat","background-position":"center center","background-size":"auto","background-attachment":"scroll","background-type":"","background-media":"","overlay-type":"","overlay-color":"","overlay-opacity":"","overlay-gradient":""}},"footnotes":""},"class_list":["post-578","page","type-page","status-publish","hentry"],"_links":{"self":[{"href":"https:\/\/www.naviera.com.co\/en\/wp-json\/wp\/v2\/pages\/578","targetHints":{"allow":["GET"]}}],"collection":[{"href":"https:\/\/www.naviera.com.co\/en\/wp-json\/wp\/v2\/pages"}],"about":[{"href":"https:\/\/www.naviera.com.co\/en\/wp-json\/wp\/v2\/types\/page"}],"author":[{"embeddable":true,"href":"https:\/\/www.naviera.com.co\/en\/wp-json\/wp\/v2\/users\/1"}],"replies":[{"embeddable":true,"href":"https:\/\/www.naviera.com.co\/en\/wp-json\/wp\/v2\/comments?post=578"}],"version-history":[{"count":23,"href":"https:\/\/www.naviera.com.co\/en\/wp-json\/wp\/v2\/pages\/578\/revisions"}],"predecessor-version":[{"id":749,"href":"https:\/\/www.naviera.com.co\/en\/wp-json\/wp\/v2\/pages\/578\/revisions\/749"}],"wp:attachment":[{"href":"https:\/\/www.naviera.com.co\/en\/wp-json\/wp\/v2\/media?parent=578"}],"curies":[{"name":"wp","href":"https:\/\/api.w.org\/{rel}","templated":true}]}}